{"id":28206,"date":"2024-09-25T08:07:15","date_gmt":"2024-09-25T14:07:15","guid":{"rendered":"http:\/\/promedical.com.gt\/product\/tiras-de-orina-de-10-parametros-frasco-de-100-tiras\/"},"modified":"2024-09-25T09:17:26","modified_gmt":"2024-09-25T15:17:26","slug":"tiras-de-orina-de-10-parametros-frasco-de-100-tiras","status":"publish","type":"product","link":"https:\/\/promedical.com.gt\/en\/product\/tiras-de-orina-de-10-parametros-frasco-de-100-tiras\/","title":{"rendered":"Tiras de orina de 10 parametros | Frasco de 100 tiras"},"content":{"rendered":"","protected":false},"excerpt":{"rendered":"<p>Tiras reactivas para detectar urobilin\u00f3geno, glucosa, cetonas, bilirrubina, prote\u00ednas, nitrito, pH, sangre, densidad, leucocitos y \u00e1cido asc\u00f3rbico en la orina.<\/p>\n<p>Presentaci\u00f3n: Frasco de 100 unidades<\/p>","protected":false},"featured_media":28247,"template":"","meta":[],"product_cat":[1463,1495,1494],"product_tag":[],"class_list":{"0":"post-28206","1":"product","2":"type-product","3":"status-publish","4":"has-post-thumbnail","6":"product_cat-laboratorio","7":"product_cat-orina","8":"product_cat-tiras","9":"pa_capacidad-10-parametros","11":"first","12":"instock","13":"purchasable","14":"product-type-simple"},"_links":{"self":[{"href":"https:\/\/promedical.com.gt\/en\/wp-json\/wp\/v2\/product\/28206","targetHints":{"allow":["GET"]}}],"collection":[{"href":"https:\/\/promedical.com.gt\/en\/wp-json\/wp\/v2\/product"}],"about":[{"href":"https:\/\/promedical.com.gt\/en\/wp-json\/wp\/v2\/types\/product"}],"version-history":[{"count":2,"href":"https:\/\/promedical.com.gt\/en\/wp-json\/wp\/v2\/product\/28206\/revisions"}],"predecessor-version":[{"id":28248,"href":"https:\/\/promedical.com.gt\/en\/wp-json\/wp\/v2\/product\/28206\/revisions\/28248"}],"wp:featuredmedia":[{"embeddable":true,"href":"https:\/\/promedical.com.gt\/en\/wp-json\/wp\/v2\/media\/28247"}],"wp:attachment":[{"href":"https:\/\/promedical.com.gt\/en\/wp-json\/wp\/v2\/media?parent=28206"}],"wp:term":[{"taxonomy":"product_cat","embeddable":true,"href":"https:\/\/promedical.com.gt\/en\/wp-json\/wp\/v2\/product_cat?post=28206"},{"taxonomy":"product_tag","embeddable":true,"href":"https:\/\/promedical.com.gt\/en\/wp-json\/wp\/v2\/product_tag?post=28206"}],"curies":[{"name":"wp","href":"https:\/\/api.w.org\/{rel}","templated":true}]}}