{"id":28199,"date":"2024-09-25T08:07:12","date_gmt":"2024-09-25T14:07:12","guid":{"rendered":"http:\/\/promedical.com.gt\/product\/pipeta-pasteur-bolsa-de-100-unidades\/"},"modified":"2024-09-25T09:14:42","modified_gmt":"2024-09-25T15:14:42","slug":"pipeta-pasteur-bolsa-de-100-unidades","status":"publish","type":"product","link":"https:\/\/promedical.com.gt\/en\/product\/pipeta-pasteur-bolsa-de-100-unidades\/","title":{"rendered":"Pipeta Pasteur | Bolsa de 100 Unidades"},"content":{"rendered":"","protected":false},"excerpt":{"rendered":"<p>La pipeta tiene una abertura en la parte inferior para la entrada de l\u00edquido. En el extremo superior, posee un &#8220;globo&#8221; que, al presionarse, expulsa el aire. Al sumergir el extremo inferior en el l\u00edquido y soltar el globo, el l\u00edquido es aspirado hacia la pipeta. La pipeta de Pasteur se utiliza cuando no se requiere una gran precisi\u00f3n al transferir el volumen del l\u00edquido.<\/p>\n<p>Presentaci\u00f3n: Bolsa de 100 unidades<\/p>","protected":false},"featured_media":28243,"template":"","meta":[],"product_cat":[1463,1484,1490],"product_tag":[],"class_list":{"0":"post-28199","1":"product","2":"type-product","3":"status-publish","4":"has-post-thumbnail","6":"product_cat-laboratorio","7":"product_cat-pipeta","8":"product_cat-transferencia","9":"pa_capacidad-1ml","10":"pa_capacidad-3ml","12":"first","13":"instock","14":"purchasable","15":"product-type-variable"},"_links":{"self":[{"href":"https:\/\/promedical.com.gt\/en\/wp-json\/wp\/v2\/product\/28199","targetHints":{"allow":["GET"]}}],"collection":[{"href":"https:\/\/promedical.com.gt\/en\/wp-json\/wp\/v2\/product"}],"about":[{"href":"https:\/\/promedical.com.gt\/en\/wp-json\/wp\/v2\/types\/product"}],"version-history":[{"count":2,"href":"https:\/\/promedical.com.gt\/en\/wp-json\/wp\/v2\/product\/28199\/revisions"}],"predecessor-version":[{"id":28244,"href":"https:\/\/promedical.com.gt\/en\/wp-json\/wp\/v2\/product\/28199\/revisions\/28244"}],"wp:featuredmedia":[{"embeddable":true,"href":"https:\/\/promedical.com.gt\/en\/wp-json\/wp\/v2\/media\/28243"}],"wp:attachment":[{"href":"https:\/\/promedical.com.gt\/en\/wp-json\/wp\/v2\/media?parent=28199"}],"wp:term":[{"taxonomy":"product_cat","embeddable":true,"href":"https:\/\/promedical.com.gt\/en\/wp-json\/wp\/v2\/product_cat?post=28199"},{"taxonomy":"product_tag","embeddable":true,"href":"https:\/\/promedical.com.gt\/en\/wp-json\/wp\/v2\/product_tag?post=28199"}],"curies":[{"name":"wp","href":"https:\/\/api.w.org\/{rel}","templated":true}]}}