{"id":28193,"date":"2024-09-25T08:07:12","date_gmt":"2024-09-25T14:07:12","guid":{"rendered":"http:\/\/promedical.com.gt\/product\/lamina-portaobjetos-26x76-caja-de-50-unidades\/"},"modified":"2024-09-25T08:07:14","modified_gmt":"2024-09-25T14:07:14","slug":"lamina-portaobjetos-26x76-caja-de-50-unidades","status":"publish","type":"product","link":"https:\/\/promedical.com.gt\/en\/product\/lamina-portaobjetos-26x76-caja-de-50-unidades\/","title":{"rendered":"Slide sheet 26x76 | Box of 50 units"},"content":{"rendered":"","protected":false},"excerpt":{"rendered":"<p>Los portaobjetos de laboratorio son peque\u00f1as y delgadas l\u00e1minas, com\u00fanmente de vidrio, en las que se colocan muestras como tejidos, c\u00e9lulas o sustancias para su observaci\u00f3n al microscopio. Son fundamentales en la investigaci\u00f3n y educaci\u00f3n cient\u00edfica, ya que permiten un an\u00e1lisis detallado de estructuras y componentes. Los portaobjetos aseguran que las muestras permanezcan planas y protegidas durante el proceso de observaci\u00f3n microsc\u00f3pica, facilitando una visualizaci\u00f3n y estudio precisos.<\/p>\n<p> Preentaci\u00f3n: Caja de 50 unidades<\/p>","protected":false},"featured_media":0,"template":"","meta":[],"product_cat":[1463,1487,1489],"product_tag":[],"class_list":{"0":"post-28193","1":"product","2":"type-product","3":"status-publish","5":"product_cat-laboratorio","6":"product_cat-lamina","7":"product_cat-porta","8":"pa_capacidad-26x76","10":"first","11":"instock","12":"purchasable","13":"product-type-simple"},"_links":{"self":[{"href":"https:\/\/promedical.com.gt\/en\/wp-json\/wp\/v2\/product\/28193","targetHints":{"allow":["GET"]}}],"collection":[{"href":"https:\/\/promedical.com.gt\/en\/wp-json\/wp\/v2\/product"}],"about":[{"href":"https:\/\/promedical.com.gt\/en\/wp-json\/wp\/v2\/types\/product"}],"version-history":[{"count":1,"href":"https:\/\/promedical.com.gt\/en\/wp-json\/wp\/v2\/product\/28193\/revisions"}],"predecessor-version":[{"id":28194,"href":"https:\/\/promedical.com.gt\/en\/wp-json\/wp\/v2\/product\/28193\/revisions\/28194"}],"wp:attachment":[{"href":"https:\/\/promedical.com.gt\/en\/wp-json\/wp\/v2\/media?parent=28193"}],"wp:term":[{"taxonomy":"product_cat","embeddable":true,"href":"https:\/\/promedical.com.gt\/en\/wp-json\/wp\/v2\/product_cat?post=28193"},{"taxonomy":"product_tag","embeddable":true,"href":"https:\/\/promedical.com.gt\/en\/wp-json\/wp\/v2\/product_tag?post=28193"}],"curies":[{"name":"wp","href":"https:\/\/api.w.org\/{rel}","templated":true}]}}