{"id":28175,"date":"2024-09-25T08:07:12","date_gmt":"2024-09-25T14:07:12","guid":{"rendered":"http:\/\/promedical.com.gt\/product\/pipeta-automatica-fija-unidad\/"},"modified":"2024-09-25T09:11:10","modified_gmt":"2024-09-25T15:11:10","slug":"pipeta-automatica-fija-unidad","status":"publish","type":"product","link":"https:\/\/promedical.com.gt\/en\/product\/pipeta-automatica-fija-unidad\/","title":{"rendered":"Pipeta autom\u00e1tica fija | Unidad"},"content":{"rendered":"","protected":false},"excerpt":{"rendered":"<p>Pipeta autom\u00e1tica volumen fijo, son ligeras y ergon\u00f3micas, garantizan comodidad y previenen microtraumatismos (TMS).<br \/>\nPist\u00f3n telesc\u00f3pico para una mayor precisi\u00f3n.<br \/>\nExpulsor de puntas asistido que facilita su uso.<br \/>\nAsa de sujeci\u00f3n ergon\u00f3mica que permite pipetear durante largos periodos sin fatiga.<br \/>\nPorta-etiqueta inalterable que permite una identificaci\u00f3n personalizada de la pipeta.<\/p>","protected":false},"featured_media":28238,"template":"","meta":[],"product_cat":[1485,1463,1484],"product_tag":[],"class_list":{"0":"post-28175","1":"product","2":"type-product","3":"status-publish","4":"has-post-thumbnail","6":"product_cat-fija","7":"product_cat-laboratorio","8":"product_cat-pipeta","9":"pa_capacidad-100ul","10":"pa_capacidad-200ul","11":"pa_capacidad-20ul","12":"pa_capacidad-25ul","13":"pa_capacidad-50ul","15":"first","16":"outofstock","17":"purchasable","18":"product-type-variable"},"_links":{"self":[{"href":"https:\/\/promedical.com.gt\/en\/wp-json\/wp\/v2\/product\/28175","targetHints":{"allow":["GET"]}}],"collection":[{"href":"https:\/\/promedical.com.gt\/en\/wp-json\/wp\/v2\/product"}],"about":[{"href":"https:\/\/promedical.com.gt\/en\/wp-json\/wp\/v2\/types\/product"}],"version-history":[{"count":2,"href":"https:\/\/promedical.com.gt\/en\/wp-json\/wp\/v2\/product\/28175\/revisions"}],"predecessor-version":[{"id":28239,"href":"https:\/\/promedical.com.gt\/en\/wp-json\/wp\/v2\/product\/28175\/revisions\/28239"}],"wp:featuredmedia":[{"embeddable":true,"href":"https:\/\/promedical.com.gt\/en\/wp-json\/wp\/v2\/media\/28238"}],"wp:attachment":[{"href":"https:\/\/promedical.com.gt\/en\/wp-json\/wp\/v2\/media?parent=28175"}],"wp:term":[{"taxonomy":"product_cat","embeddable":true,"href":"https:\/\/promedical.com.gt\/en\/wp-json\/wp\/v2\/product_cat?post=28175"},{"taxonomy":"product_tag","embeddable":true,"href":"https:\/\/promedical.com.gt\/en\/wp-json\/wp\/v2\/product_tag?post=28175"}],"curies":[{"name":"wp","href":"https:\/\/api.w.org\/{rel}","templated":true}]}}