{"id":28142,"date":"2024-09-25T08:07:09","date_gmt":"2024-09-25T14:07:09","guid":{"rendered":"http:\/\/promedical.com.gt\/product\/lanceta\/"},"modified":"2024-09-25T08:07:10","modified_gmt":"2024-09-25T14:07:10","slug":"lanceta","status":"publish","type":"product","link":"https:\/\/promedical.com.gt\/en\/product\/lanceta\/","title":{"rendered":"Lanceta |"},"content":{"rendered":"","protected":false},"excerpt":{"rendered":"<p>La lanceta para extracci\u00f3n de sangre es un tipo de peque\u00f1o bistur\u00ed, muy delgado, utilizado para recolectar muestras de sangre. Posee una aguja o hoja de doble filo, lo que facilita la punci\u00f3n en un dedo, por ejemplo, sin causar dolor. Generalmente, las lancetas son herramientas desechables y su uso se restringe a la obtenci\u00f3n de peque\u00f1as muestras de sangre, ya sea para medir el nivel de glucosa o para realizar pruebas de alergia. En procedimientos quir\u00fargicos, estos instrumentos permiten realizar peque\u00f1as incisiones.<\/p>\n<p> Se pueden clasificar en dos tipos: una con una l\u00e1mina plana y afilada, donde ambos bordes son cortantes; y la otra que tiene la forma de un dispositivo con una tapa giratoria que cubre las agujas de lanceta. En este \u00faltimo caso, hay dispositivos que incluyen m\u00faltiples agujas. Se utiliza principalmente con un dispositivo de punci\u00f3n para obtener una gota de sangre, lo que puede ser m\u00e1s r\u00e1pido y menos doloroso.<\/p>\n<p> CARACTER\u00cdSTICAS:<br \/>\n &#8211; Dise\u00f1o en pl\u00e1stico y acero de peso ligero<br \/>\n &#8211; Lanceta est\u00e9ril de 30G<br \/>\n &#8211; Aguja de longitud 0.32 mm<br \/>\n &#8211; Compatible con la mayor\u00eda de los dispositivos de punci\u00f3n disponibles en el mercado<br \/>\n &#8211; Esterilizada mediante radiaci\u00f3n<br \/>\n &#8211; La tapa separable protege y mantiene la aguja est\u00e9ril y debe ser desenroscada del dispositivo antes de su uso.<\/p>","protected":false},"featured_media":0,"template":"","meta":[],"product_cat":[1474,1463,1473],"product_tag":[],"class_list":{"0":"post-28142","1":"product","2":"type-product","3":"status-publish","5":"product_cat-celeste","6":"product_cat-laboratorio","7":"product_cat-lanceta","8":"pa_capacidad-3-2-cms","10":"first","11":"outofstock","12":"product-type-simple"},"_links":{"self":[{"href":"https:\/\/promedical.com.gt\/en\/wp-json\/wp\/v2\/product\/28142","targetHints":{"allow":["GET"]}}],"collection":[{"href":"https:\/\/promedical.com.gt\/en\/wp-json\/wp\/v2\/product"}],"about":[{"href":"https:\/\/promedical.com.gt\/en\/wp-json\/wp\/v2\/types\/product"}],"version-history":[{"count":1,"href":"https:\/\/promedical.com.gt\/en\/wp-json\/wp\/v2\/product\/28142\/revisions"}],"predecessor-version":[{"id":28143,"href":"https:\/\/promedical.com.gt\/en\/wp-json\/wp\/v2\/product\/28142\/revisions\/28143"}],"wp:attachment":[{"href":"https:\/\/promedical.com.gt\/en\/wp-json\/wp\/v2\/media?parent=28142"}],"wp:term":[{"taxonomy":"product_cat","embeddable":true,"href":"https:\/\/promedical.com.gt\/en\/wp-json\/wp\/v2\/product_cat?post=28142"},{"taxonomy":"product_tag","embeddable":true,"href":"https:\/\/promedical.com.gt\/en\/wp-json\/wp\/v2\/product_tag?post=28142"}],"curies":[{"name":"wp","href":"https:\/\/api.w.org\/{rel}","templated":true}]}}