{"id":28111,"date":"2024-09-25T08:07:07","date_gmt":"2024-09-25T14:07:07","guid":{"rendered":"http:\/\/promedical.com.gt\/product\/tubo-al-vacio-citrato-de-sodio-bandeja-de-100-unidades\/"},"modified":"2024-09-25T08:15:19","modified_gmt":"2024-09-25T14:15:19","slug":"tubo-al-vacio-citrato-de-sodio-bandeja-de-100-unidades","status":"publish","type":"product","link":"https:\/\/promedical.com.gt\/en\/product\/tubo-al-vacio-citrato-de-sodio-bandeja-de-100-unidades\/","title":{"rendered":"Tubo al vacio Citrato de Sodio | Bandeja de 100 Unidades"},"content":{"rendered":"","protected":false},"excerpt":{"rendered":"<p>El tubo PT (Citrato de Sodio) se utiliza para la prueba de coagulaci\u00f3n de la sangre y se aplica al sistema fibrinol\u00edtico. La proporci\u00f3n de mezcla es de 1 parte de citrato por 9 partes de sangre. Una proporci\u00f3n precisa puede garantizar la eficacia del resultado de la prueba y evitar diagn\u00f3sticos err\u00f3neos. Tambi\u00e9n se utiliza para el almacenamiento de sangre. Extraiga un volumen de sangre suficiente para garantizar un resultado preciso de la prueba.<\/p>\n<p>Presentaci\u00f3n: Bandeja de 100 unidades<\/p>","protected":false},"featured_media":28222,"template":"","meta":[],"product_cat":[1471,1463,1464],"product_tag":[],"class_list":{"0":"post-28111","1":"product","2":"type-product","3":"status-publish","4":"has-post-thumbnail","6":"product_cat-celeste-citrato-de-sodio","7":"product_cat-laboratorio","8":"product_cat-tubo-al-vacio","9":"pa_capacidad-3-ml","10":"pa_capacidad-4-ml","11":"pa_capacidad-2-ml","12":"pa_material-pet","13":"pa_material-vidrio","14":"pa_medida-13-x-75mm","16":"first","17":"outofstock","18":"purchasable","19":"product-type-variable"},"_links":{"self":[{"href":"https:\/\/promedical.com.gt\/en\/wp-json\/wp\/v2\/product\/28111","targetHints":{"allow":["GET"]}}],"collection":[{"href":"https:\/\/promedical.com.gt\/en\/wp-json\/wp\/v2\/product"}],"about":[{"href":"https:\/\/promedical.com.gt\/en\/wp-json\/wp\/v2\/types\/product"}],"version-history":[{"count":3,"href":"https:\/\/promedical.com.gt\/en\/wp-json\/wp\/v2\/product\/28111\/revisions"}],"predecessor-version":[{"id":28224,"href":"https:\/\/promedical.com.gt\/en\/wp-json\/wp\/v2\/product\/28111\/revisions\/28224"}],"wp:featuredmedia":[{"embeddable":true,"href":"https:\/\/promedical.com.gt\/en\/wp-json\/wp\/v2\/media\/28222"}],"wp:attachment":[{"href":"https:\/\/promedical.com.gt\/en\/wp-json\/wp\/v2\/media?parent=28111"}],"wp:term":[{"taxonomy":"product_cat","embeddable":true,"href":"https:\/\/promedical.com.gt\/en\/wp-json\/wp\/v2\/product_cat?post=28111"},{"taxonomy":"product_tag","embeddable":true,"href":"https:\/\/promedical.com.gt\/en\/wp-json\/wp\/v2\/product_tag?post=28111"}],"curies":[{"name":"wp","href":"https:\/\/api.w.org\/{rel}","templated":true}]}}