{"id":28095,"date":"2024-09-25T08:07:05","date_gmt":"2024-09-25T14:07:05","guid":{"rendered":"http:\/\/promedical.com.gt\/product\/tubo-al-vacio-glucosa-bandeja-de-100-unidades\/"},"modified":"2024-09-25T08:07:09","modified_gmt":"2024-09-25T14:07:09","slug":"tubo-al-vacio-glucosa-bandeja-de-100-unidades","status":"publish","type":"product","link":"https:\/\/promedical.com.gt\/en\/product\/tubo-al-vacio-glucosa-bandeja-de-100-unidades\/","title":{"rendered":"Tubo al vacio Glucosa | Bandeja de 100 Unidades"},"content":{"rendered":"","protected":false},"excerpt":{"rendered":"<p>El tubo de glucosa se usa en la recolecci\u00f3n de sangre para las pruebas tal como az\u00facar en sangre, tolerancia del az\u00facar, electroforesis del erythrocyte, hemoglobina del anti-\u00e1lcali y lactato. El estado original de la sangre durar\u00e1 por tiempo largo y garantizar\u00e1 datos estables de la prueba del az\u00facar de sangre en el plazo de 72 horas. Est\u00e1 disponible con diferentes aditivos; fluoruro de sodio+oxalato de potasio, fluoruro de sodio+heparina s\u00f3dica, fluoruro de sodio+EDTA K2 y fluoruro de sodio+EDTA Na2.<br \/>\n Velocidad de centrifugaci\u00f3n:3500-4000r\/min<br \/>\n Tiempo de centrifugaci\u00f3n:3min<br \/>\n Temperatura de almacenamiento recomendada:4-25 C<br \/>\n Presentaci\u00f3n: Bandeja de 100 unidades<\/p>","protected":false},"featured_media":0,"template":"","meta":[],"product_cat":[1470,1463,1464],"product_tag":[],"class_list":{"0":"post-28095","1":"product","2":"type-product","3":"status-publish","5":"product_cat-gris-glucosa","6":"product_cat-laboratorio","7":"product_cat-tubo-al-vacio","8":"pa_capacidad-3-ml","9":"pa_capacidad-4-ml","10":"pa_capacidad-5-ml","11":"pa_capacidad-6-ml","12":"pa_capacidad-2-ml","13":"pa_material-pet","14":"pa_material-vidrio","15":"pa_medida-13-x-100mm","16":"pa_medida-13-x-75mm","18":"first","19":"outofstock","20":"purchasable","21":"product-type-variable"},"_links":{"self":[{"href":"https:\/\/promedical.com.gt\/en\/wp-json\/wp\/v2\/product\/28095","targetHints":{"allow":["GET"]}}],"collection":[{"href":"https:\/\/promedical.com.gt\/en\/wp-json\/wp\/v2\/product"}],"about":[{"href":"https:\/\/promedical.com.gt\/en\/wp-json\/wp\/v2\/types\/product"}],"version-history":[{"count":1,"href":"https:\/\/promedical.com.gt\/en\/wp-json\/wp\/v2\/product\/28095\/revisions"}],"predecessor-version":[{"id":28096,"href":"https:\/\/promedical.com.gt\/en\/wp-json\/wp\/v2\/product\/28095\/revisions\/28096"}],"wp:attachment":[{"href":"https:\/\/promedical.com.gt\/en\/wp-json\/wp\/v2\/media?parent=28095"}],"wp:term":[{"taxonomy":"product_cat","embeddable":true,"href":"https:\/\/promedical.com.gt\/en\/wp-json\/wp\/v2\/product_cat?post=28095"},{"taxonomy":"product_tag","embeddable":true,"href":"https:\/\/promedical.com.gt\/en\/wp-json\/wp\/v2\/product_tag?post=28095"}],"curies":[{"name":"wp","href":"https:\/\/api.w.org\/{rel}","templated":true}]}}