{"id":28081,"date":"2024-09-25T08:07:05","date_gmt":"2024-09-25T14:07:05","guid":{"rendered":"http:\/\/promedical.com.gt\/product\/tubo-al-vacio-heparina-bandeja-de-100-unidades\/"},"modified":"2024-09-25T08:07:06","modified_gmt":"2024-09-25T14:07:06","slug":"tubo-al-vacio-heparina-bandeja-de-100-unidades","status":"publish","type":"product","link":"https:\/\/promedical.com.gt\/en\/product\/tubo-al-vacio-heparina-bandeja-de-100-unidades\/","title":{"rendered":"Tubo al vacio Heparina | Bandeja de 100 Unidades"},"content":{"rendered":"","protected":false},"excerpt":{"rendered":"<p>Tubo de heparina se utiliza en la extracci\u00f3n de sangre para la prueba de plasma cl\u00ednica, bioqu\u00edmica de emergencia y la reolog\u00eda de la sangre, etc amplia gama de temperatura de funcionamiento, as\u00ed como una alta compatibilidad con el \u00edndice de suero. La mayor\u00eda de los \u00edndices plasm\u00e1ticos pueden repetirse en un plazo de 6 horas. La heparina de litio no s\u00f3lo tiene las caracter\u00edsticas de la heparina de sodio, sino que tambi\u00e9n se puede utilizar en la prueba de microelementos sin efecto sobre el sodioion.<br \/>\n Velocidad de centrifugaci\u00f3n:3500-4000r\/min<br \/>\n Tiempo de centrifugaci\u00f3n:3min<br \/>\n Temperatura de almacenamiento recomendada:4-25 C<br \/>\n Presentaci\u00f3n: Bandeja de 100 unidades<\/p>","protected":false},"featured_media":0,"template":"","meta":[],"product_cat":[1463,1464,1469],"product_tag":[],"class_list":{"0":"post-28081","1":"product","2":"type-product","3":"status-publish","5":"product_cat-laboratorio","6":"product_cat-tubo-al-vacio","7":"product_cat-verde-heparina","8":"pa_capacidad-10-ml","9":"pa_capacidad-3-ml","10":"pa_capacidad-4-ml","11":"pa_capacidad-5-ml","12":"pa_capacidad-7-ml","13":"pa_material-pet","14":"pa_material-vidrio","15":"pa_medida-13-x-100mm","16":"pa_medida-13-x-75mm","17":"pa_medida-16-x-100mm","19":"first","20":"outofstock","21":"purchasable","22":"product-type-variable"},"_links":{"self":[{"href":"https:\/\/promedical.com.gt\/en\/wp-json\/wp\/v2\/product\/28081","targetHints":{"allow":["GET"]}}],"collection":[{"href":"https:\/\/promedical.com.gt\/en\/wp-json\/wp\/v2\/product"}],"about":[{"href":"https:\/\/promedical.com.gt\/en\/wp-json\/wp\/v2\/types\/product"}],"version-history":[{"count":1,"href":"https:\/\/promedical.com.gt\/en\/wp-json\/wp\/v2\/product\/28081\/revisions"}],"predecessor-version":[{"id":28082,"href":"https:\/\/promedical.com.gt\/en\/wp-json\/wp\/v2\/product\/28081\/revisions\/28082"}],"wp:attachment":[{"href":"https:\/\/promedical.com.gt\/en\/wp-json\/wp\/v2\/media?parent=28081"}],"wp:term":[{"taxonomy":"product_cat","embeddable":true,"href":"https:\/\/promedical.com.gt\/en\/wp-json\/wp\/v2\/product_cat?post=28081"},{"taxonomy":"product_tag","embeddable":true,"href":"https:\/\/promedical.com.gt\/en\/wp-json\/wp\/v2\/product_tag?post=28081"}],"curies":[{"name":"wp","href":"https:\/\/api.w.org\/{rel}","templated":true}]}}