{"id":28061,"date":"2024-09-25T08:07:03","date_gmt":"2024-09-25T14:07:03","guid":{"rendered":"http:\/\/promedical.com.gt\/product\/tubo-al-vacio-edta-k2-k3-bandeja-de-100-unidades\/"},"modified":"2024-09-25T08:10:03","modified_gmt":"2024-09-25T14:10:03","slug":"tubo-al-vacio-edta-k2-k3-bandeja-de-100-unidades","status":"publish","type":"product","link":"https:\/\/promedical.com.gt\/en\/product\/tubo-al-vacio-edta-k2-k3-bandeja-de-100-unidades\/","title":{"rendered":"Tubo al vacio EDTA k2\/k3 | Bandeja de 100 Unidades"},"content":{"rendered":"","protected":false},"excerpt":{"rendered":"<p>El tubo EDTA se utiliza ampliamente en hematolog\u00eda cl\u00ednica, pruebas cruzadas, determinaci\u00f3n del grupo sangu\u00edneo, as\u00ed como en diversos tipos de instrumentos de an\u00e1lisis de c\u00e9lulas sangu\u00edneas.El aditivo se rocia uniformemente en la superficie interior del tubo, para que la muestra de sangre puede mezclarse completamente con el aditivo. El plasma anticoagulante EDTA se utiliza para el ensayo biol\u00f3gico de microorganismos pat\u00f3genos, par\u00e1sitos y mol\u00e9culas bacterianas, etc.<br \/>\nPresentaci\u00f3n: Bandeja de 100 unidades<\/p>","protected":false},"featured_media":28218,"template":"","meta":[],"product_cat":[1463,1468,1464],"product_tag":[],"class_list":{"0":"post-28061","1":"product","2":"type-product","3":"status-publish","4":"has-post-thumbnail","6":"product_cat-laboratorio","7":"product_cat-morado-edta","8":"product_cat-tubo-al-vacio","9":"pa_capacidad-10-ml","10":"pa_capacidad-3-ml","11":"pa_capacidad-4-ml","12":"pa_capacidad-5-ml","13":"pa_capacidad-6-ml","14":"pa_capacidad-7-ml","15":"pa_capacidad-1-ml","16":"pa_capacidad-2-ml","17":"pa_material-pet","18":"pa_material-vidrio","19":"pa_medida-13-x-100mm","20":"pa_medida-13-x-75mm","21":"pa_medida-16-x-100mm","23":"first","24":"outofstock","25":"purchasable","26":"product-type-variable"},"_links":{"self":[{"href":"https:\/\/promedical.com.gt\/en\/wp-json\/wp\/v2\/product\/28061","targetHints":{"allow":["GET"]}}],"collection":[{"href":"https:\/\/promedical.com.gt\/en\/wp-json\/wp\/v2\/product"}],"about":[{"href":"https:\/\/promedical.com.gt\/en\/wp-json\/wp\/v2\/types\/product"}],"version-history":[{"count":2,"href":"https:\/\/promedical.com.gt\/en\/wp-json\/wp\/v2\/product\/28061\/revisions"}],"predecessor-version":[{"id":28220,"href":"https:\/\/promedical.com.gt\/en\/wp-json\/wp\/v2\/product\/28061\/revisions\/28220"}],"wp:featuredmedia":[{"embeddable":true,"href":"https:\/\/promedical.com.gt\/en\/wp-json\/wp\/v2\/media\/28218"}],"wp:attachment":[{"href":"https:\/\/promedical.com.gt\/en\/wp-json\/wp\/v2\/media?parent=28061"}],"wp:term":[{"taxonomy":"product_cat","embeddable":true,"href":"https:\/\/promedical.com.gt\/en\/wp-json\/wp\/v2\/product_cat?post=28061"},{"taxonomy":"product_tag","embeddable":true,"href":"https:\/\/promedical.com.gt\/en\/wp-json\/wp\/v2\/product_tag?post=28061"}],"curies":[{"name":"wp","href":"https:\/\/api.w.org\/{rel}","templated":true}]}}