{"id":28275,"date":"2024-11-20T00:39:08","date_gmt":"2024-11-20T06:39:08","guid":{"rendered":"http:\/\/promedical.com.gt\/?page_id=28275"},"modified":"2025-03-21T11:51:07","modified_gmt":"2025-03-21T17:51:07","slug":"politica-de-reembolso","status":"publish","type":"page","link":"https:\/\/promedical.com.gt\/en\/politica-de-reembolso\/","title":{"rendered":"Refund Policy"},"content":{"rendered":"<div data-elementor-type=\"wp-page\" data-elementor-id=\"28275\" class=\"elementor elementor-28275\" data-elementor-post-type=\"page\">\n\t\t\t\t<div class=\"wd-negative-gap elementor-element elementor-element-34936cb e-flex e-con-boxed e-con e-parent\" data-id=\"34936cb\" data-element_type=\"container\" data-settings=\"{&quot;background_background&quot;:&quot;classic&quot;}\">\n\t\t\t\t\t<div class=\"e-con-inner\">\n\t\t\t\t<div class=\"elementor-element elementor-element-51b46fc wd-width-100 elementor-widget elementor-widget-wd_title\" data-id=\"51b46fc\" data-element_type=\"widget\" data-widget_type=\"wd_title.default\">\n\t\t\t\t<div class=\"elementor-widget-container\">\n\t\t\t\t\t<div class=\"title-wrapper set-mb-s reset-last-child wd-title-color-default wd-title-style-default wd-title-size-medium text-left\">\n\n\t\t\t\n\t\t\t<div class=\"liner-continer\">\n\t\t\t\t<h4 class=\"woodmart-title-container title wd-fontsize-xl\">Pol\u00edtica de Devoluciones y Reembolso<\/h4> \n\t\t\t\t\t\t\t<\/div>\n\n\t\t\t\t\t<\/div>\n\t\t\t\t<\/div>\n\t\t\t\t<\/div>\n\t\t\t\t<div class=\"elementor-element elementor-element-2a5d658 color-scheme-inherit text-left elementor-widget elementor-widget-text-editor\" data-id=\"2a5d658\" data-element_type=\"widget\" data-widget_type=\"text-editor.default\">\n\t\t\t\t<div class=\"elementor-widget-container\">\n\t\t\t<style>\/*! elementor - v3.21.0 - 26-05-2024 *\/\n.elementor-widget-text-editor.elementor-drop-cap-view-stacked .elementor-drop-cap{background-color:#69727d;color:#fff}.elementor-widget-text-editor.elementor-drop-cap-view-framed .elementor-drop-cap{color:#69727d;border:3px solid;background-color:transparent}.elementor-widget-text-editor:not(.elementor-drop-cap-view-default) .elementor-drop-cap{margin-top:8px}.elementor-widget-text-editor:not(.elementor-drop-cap-view-default) .elementor-drop-cap-letter{width:1em;height:1em}.elementor-widget-text-editor .elementor-drop-cap{float:left;text-align:center;line-height:1;font-size:50px}.elementor-widget-text-editor .elementor-drop-cap-letter{display:inline-block}<\/style>\t\t\t\t<p><br \/><strong>Devoluciones<\/strong><br \/>Debido a la naturaleza de nuestros productos, no aceptamos devoluciones de medicamentos. Sin embargo, si un producto est\u00e1 defectuoso o da\u00f1ado, ofrecemos un reembolso completo o un reemplazo. Los usuarios deben contactar con nuestro servicio de atenci\u00f3n al cliente dentro de 1 d\u00eda despu\u00e9s de recibir el pedido.<\/p><p><br \/><strong>Reembolsos<\/strong><br \/>Los reembolsos ser\u00e1n procesados dentro de 5 d\u00edas h\u00e1biles, una vez que el producto defectuoso sea recibido y verificado.<\/p>\t\t\t\t\t\t<\/div>\n\t\t\t\t<\/div>\n\t\t\t\t\t<\/div>\n\t\t\t\t<\/div>\n\t\t\t\t<\/div>","protected":false},"excerpt":{"rendered":"<p>Pol\u00edtica de Devoluciones y Reembolso DevolucionesDebido a la naturaleza de nuestros productos, no aceptamos devoluciones de medicamentos. Sin embargo, si<\/p>","protected":false},"author":178,"featured_media":0,"parent":0,"menu_order":0,"comment_status":"closed","ping_status":"closed","template":"","meta":{"footnotes":""},"class_list":["post-28275","page","type-page","status-publish","hentry"],"_links":{"self":[{"href":"https:\/\/promedical.com.gt\/en\/wp-json\/wp\/v2\/pages\/28275","targetHints":{"allow":["GET"]}}],"collection":[{"href":"https:\/\/promedical.com.gt\/en\/wp-json\/wp\/v2\/pages"}],"about":[{"href":"https:\/\/promedical.com.gt\/en\/wp-json\/wp\/v2\/types\/page"}],"author":[{"embeddable":true,"href":"https:\/\/promedical.com.gt\/en\/wp-json\/wp\/v2\/users\/178"}],"replies":[{"embeddable":true,"href":"https:\/\/promedical.com.gt\/en\/wp-json\/wp\/v2\/comments?post=28275"}],"version-history":[{"count":7,"href":"https:\/\/promedical.com.gt\/en\/wp-json\/wp\/v2\/pages\/28275\/revisions"}],"predecessor-version":[{"id":28291,"href":"https:\/\/promedical.com.gt\/en\/wp-json\/wp\/v2\/pages\/28275\/revisions\/28291"}],"wp:attachment":[{"href":"https:\/\/promedical.com.gt\/en\/wp-json\/wp\/v2\/media?parent=28275"}],"curies":[{"name":"wp","href":"https:\/\/api.w.org\/{rel}","templated":true}]}}