{"id":28270,"date":"2024-11-20T00:38:07","date_gmt":"2024-11-20T06:38:07","guid":{"rendered":"http:\/\/promedical.com.gt\/?page_id=28270"},"modified":"2024-11-20T00:38:45","modified_gmt":"2024-11-20T06:38:45","slug":"politicas-de-privacidad-2","status":"publish","type":"page","link":"https:\/\/promedical.com.gt\/en\/politicas-de-privacidad-2\/","title":{"rendered":"Pol\u00edticas de Privacidad"},"content":{"rendered":"<div data-elementor-type=\"wp-page\" data-elementor-id=\"28270\" class=\"elementor elementor-28270\" data-elementor-post-type=\"page\">\n\t\t\t\t<div class=\"wd-negative-gap elementor-element elementor-element-34936cb e-flex e-con-boxed e-con e-parent\" data-id=\"34936cb\" data-element_type=\"container\" data-settings=\"{&quot;background_background&quot;:&quot;classic&quot;}\">\n\t\t\t\t\t<div class=\"e-con-inner\">\n\t\t\t\t<div class=\"elementor-element elementor-element-51b46fc wd-width-100 elementor-widget elementor-widget-wd_title\" data-id=\"51b46fc\" data-element_type=\"widget\" data-widget_type=\"wd_title.default\">\n\t\t\t\t<div class=\"elementor-widget-container\">\n\t\t\t\t\t<div class=\"title-wrapper set-mb-s reset-last-child wd-title-color-default wd-title-style-default wd-title-size-medium text-left\">\n\n\t\t\t\n\t\t\t<div class=\"liner-continer\">\n\t\t\t\t<h4 class=\"woodmart-title-container title wd-fontsize-xl\">Pol\u00edticas de Privacidad<\/h4> \n\t\t\t\t\t\t\t<\/div>\n\n\t\t\t\t\t<\/div>\n\t\t\t\t<\/div>\n\t\t\t\t<\/div>\n\t\t\t\t<div class=\"elementor-element elementor-element-2a5d658 color-scheme-inherit text-left elementor-widget elementor-widget-text-editor\" data-id=\"2a5d658\" data-element_type=\"widget\" data-widget_type=\"text-editor.default\">\n\t\t\t\t<div class=\"elementor-widget-container\">\n\t\t\t<style>\/*! elementor - v3.21.0 - 26-05-2024 *\/\n.elementor-widget-text-editor.elementor-drop-cap-view-stacked .elementor-drop-cap{background-color:#69727d;color:#fff}.elementor-widget-text-editor.elementor-drop-cap-view-framed .elementor-drop-cap{color:#69727d;border:3px solid;background-color:transparent}.elementor-widget-text-editor:not(.elementor-drop-cap-view-default) .elementor-drop-cap{margin-top:8px}.elementor-widget-text-editor:not(.elementor-drop-cap-view-default) .elementor-drop-cap-letter{width:1em;height:1em}.elementor-widget-text-editor .elementor-drop-cap{float:left;text-align:center;line-height:1;font-size:50px}.elementor-widget-text-editor .elementor-drop-cap-letter{display:inline-block}<\/style>\t\t\t\t<p><strong>1. Introducci\u00f3n<\/strong><br \/>La protecci\u00f3n de su privacidad es una prioridad. Este documento detalla c\u00f3mo se recopila, utiliza y protege su informaci\u00f3n personal.<\/p><p><strong>2. Informaci\u00f3n que se recopila<\/strong><br \/>Se puede recopilar informaci\u00f3n personal y no personal de los usuarios, incluyendo, pero no limit\u00e1ndose a:<\/p><ul><li>Nombre y apellidos.<\/li><li>Informaci\u00f3n de contacto, como n\u00famero de tel\u00e9fono.<\/li><li>Datos de navegaci\u00f3n, como direcci\u00f3n IP, tipo de navegador y p\u00e1ginas visitadas.<\/li><\/ul><p><strong>3. Uso de la informaci\u00f3n<\/strong><br \/>La informaci\u00f3n recopilada se utiliza para:<\/p><ul><li>Proveer y mejorar servicios.<\/li><li>Personalizar la experiencia del usuario.<\/li><li>Enviar notificaciones importantes.<\/li><li>Cumplir con requisitos legales.<\/li><\/ul><p><strong>4. Divulgaci\u00f3n de la informaci\u00f3n<\/strong><br \/>La informaci\u00f3n personal no ser\u00e1 vendida, intercambiada ni transferida a terceros, salvo en los siguientes casos:<\/p><ul><li>Cumplimiento de la ley.<\/li><li>Protecci\u00f3n de derechos, seguridad o propiedad de la empresa.<\/li><li>Proveedores de servicios contratados bajo estrictas obligaciones de confidencialidad.<\/li><\/ul><p><strong>5. Seguridad de la informaci\u00f3n<\/strong><br \/>Se implementan medidas de seguridad f\u00edsicas, electr\u00f3nicas y administrativas para proteger la informaci\u00f3n contra acceso no autorizado, alteraci\u00f3n, divulgaci\u00f3n o destrucci\u00f3n.<\/p><p><strong>6. Cookies y tecnolog\u00edas similares<\/strong><br \/>Se utilizan cookies para mejorar la experiencia del usuario, analizar patrones de uso y ofrecer contenido relevante. Puede desactivar las cookies en la configuraci\u00f3n de su navegador.<\/p><p><strong>7. Derechos del usuario<\/strong><br \/>Los usuarios tienen derecho a:<\/p><ul><li>Acceder, corregir o eliminar su informaci\u00f3n personal.<\/li><li>Oponerse al uso de sus datos para fines espec\u00edficos.<\/li><li>Solicitar informaci\u00f3n sobre c\u00f3mo se manejan sus datos personales.<\/li><\/ul><p><strong>8. Cambios en la pol\u00edtica de privacidad<\/strong><br \/>Estas pol\u00edticas pueden ser actualizadas peri\u00f3dicamente. Se recomienda revisar este documento con regularidad para estar informado sobre cualquier cambio.<\/p><p><strong>9. Contacto<\/strong><br \/>Si tiene preguntas o inquietudes sobre estas pol\u00edticas de privacidad, puede comunicarse a trav\u00e9s de los canales habituales de contacto.<\/p>\t\t\t\t\t\t<\/div>\n\t\t\t\t<\/div>\n\t\t\t\t\t<\/div>\n\t\t\t\t<\/div>\n\t\t\t\t<\/div>","protected":false},"excerpt":{"rendered":"<p>Pol\u00edticas de Privacidad 1. Introducci\u00f3nLa protecci\u00f3n de su privacidad es una prioridad. Este documento detalla c\u00f3mo se recopila, utiliza y<\/p>","protected":false},"author":178,"featured_media":0,"parent":0,"menu_order":0,"comment_status":"closed","ping_status":"closed","template":"","meta":{"footnotes":""},"class_list":["post-28270","page","type-page","status-publish","hentry"],"_links":{"self":[{"href":"https:\/\/promedical.com.gt\/en\/wp-json\/wp\/v2\/pages\/28270","targetHints":{"allow":["GET"]}}],"collection":[{"href":"https:\/\/promedical.com.gt\/en\/wp-json\/wp\/v2\/pages"}],"about":[{"href":"https:\/\/promedical.com.gt\/en\/wp-json\/wp\/v2\/types\/page"}],"author":[{"embeddable":true,"href":"https:\/\/promedical.com.gt\/en\/wp-json\/wp\/v2\/users\/178"}],"replies":[{"embeddable":true,"href":"https:\/\/promedical.com.gt\/en\/wp-json\/wp\/v2\/comments?post=28270"}],"version-history":[{"count":4,"href":"https:\/\/promedical.com.gt\/en\/wp-json\/wp\/v2\/pages\/28270\/revisions"}],"predecessor-version":[{"id":28274,"href":"https:\/\/promedical.com.gt\/en\/wp-json\/wp\/v2\/pages\/28270\/revisions\/28274"}],"wp:attachment":[{"href":"https:\/\/promedical.com.gt\/en\/wp-json\/wp\/v2\/media?parent=28270"}],"curies":[{"name":"wp","href":"https:\/\/api.w.org\/{rel}","templated":true}]}}