{"id":27780,"date":"2024-05-27T09:20:37","date_gmt":"2024-05-27T15:20:37","guid":{"rendered":"http:\/\/promedical.com.gt\/?page_id=27780"},"modified":"2024-11-20T00:33:13","modified_gmt":"2024-11-20T06:33:13","slug":"sobre-nosotros","status":"publish","type":"page","link":"https:\/\/promedical.com.gt\/en\/sobre-nosotros\/","title":{"rendered":"Who Are We?"},"content":{"rendered":"<div data-elementor-type=\"wp-page\" data-elementor-id=\"27780\" class=\"elementor elementor-27780\" data-elementor-post-type=\"page\">\n\t\t\t\t<div class=\"wd-negative-gap elementor-element elementor-element-7568552 e-flex e-con-boxed e-con e-parent\" data-id=\"7568552\" data-element_type=\"container\">\n\t\t\t\t\t<div class=\"e-con-inner\">\n\t\t<div class=\"elementor-element elementor-element-b01b391 e-con-full e-flex e-con e-child\" data-id=\"b01b391\" data-element_type=\"container\">\n\t\t\t\t<div class=\"elementor-element elementor-element-c88527f elementor-widget elementor-widget-image\" data-id=\"c88527f\" data-element_type=\"widget\" data-widget_type=\"image.default\">\n\t\t\t\t<div class=\"elementor-widget-container\">\n\t\t\t<style>\/*! elementor - v3.21.0 - 26-05-2024 *\/\n.elementor-widget-image{text-align:center}.elementor-widget-image a{display:inline-block}.elementor-widget-image a img[src$=\".svg\"]{width:48px}.elementor-widget-image img{vertical-align:middle;display:inline-block}<\/style>\t\t\t\t\t\t\t\t\t\t<img fetchpriority=\"high\" decoding=\"async\" width=\"1300\" height=\"406\" src=\"https:\/\/promedical.com.gt\/wp-content\/uploads\/2024\/05\/Diseno-sin-titulo-2024-05-27T092236.749-1300x406.jpg\" class=\"attachment-large size-large wp-image-27783\" alt=\"\" srcset=\"https:\/\/promedical.com.gt\/wp-content\/uploads\/2024\/05\/Diseno-sin-titulo-2024-05-27T092236.749-1300x406.jpg 1300w, https:\/\/promedical.com.gt\/wp-content\/uploads\/2024\/05\/Diseno-sin-titulo-2024-05-27T092236.749-400x125.jpg 400w, https:\/\/promedical.com.gt\/wp-content\/uploads\/2024\/05\/Diseno-sin-titulo-2024-05-27T092236.749-768x240.jpg 768w, https:\/\/promedical.com.gt\/wp-content\/uploads\/2024\/05\/Diseno-sin-titulo-2024-05-27T092236.749-1536x480.jpg 1536w, https:\/\/promedical.com.gt\/wp-content\/uploads\/2024\/05\/Diseno-sin-titulo-2024-05-27T092236.749-600x188.jpg 600w, https:\/\/promedical.com.gt\/wp-content\/uploads\/2024\/05\/Diseno-sin-titulo-2024-05-27T092236.749-1200x375.jpg 1200w, https:\/\/promedical.com.gt\/wp-content\/uploads\/2024\/05\/Diseno-sin-titulo-2024-05-27T092236.749-150x47.jpg 150w, https:\/\/promedical.com.gt\/wp-content\/uploads\/2024\/05\/Diseno-sin-titulo-2024-05-27T092236.749.jpg 1920w\" sizes=\"(max-width: 1300px) 100vw, 1300px\" \/>\t\t\t\t\t\t\t\t\t\t\t\t\t<\/div>\n\t\t\t\t<\/div>\n\t\t\t\t<\/div>\n\t\t\t\t\t<\/div>\n\t\t\t\t<\/div>\n\t\t<div class=\"wd-negative-gap elementor-element elementor-element-34936cb e-flex e-con-boxed e-con e-parent\" data-id=\"34936cb\" data-element_type=\"container\" data-settings=\"{&quot;background_background&quot;:&quot;classic&quot;}\">\n\t\t\t\t\t<div class=\"e-con-inner\">\n\t\t\t\t<div class=\"elementor-element elementor-element-51b46fc wd-width-100 elementor-widget elementor-widget-wd_title\" data-id=\"51b46fc\" data-element_type=\"widget\" data-widget_type=\"wd_title.default\">\n\t\t\t\t<div class=\"elementor-widget-container\">\n\t\t\t\t\t<div class=\"title-wrapper set-mb-s reset-last-child wd-title-color-default wd-title-style-default wd-title-size-medium text-left\">\n\n\t\t\t\n\t\t\t<div class=\"liner-continer\">\n\t\t\t\t<h4 class=\"woodmart-title-container title wd-fontsize-xl\">Sobre Nosotros<\/h4> \n\t\t\t\t\t\t\t<\/div>\n\n\t\t\t\t\t<\/div>\n\t\t\t\t<\/div>\n\t\t\t\t<\/div>\n\t\t\t\t<div class=\"elementor-element elementor-element-2a5d658 color-scheme-inherit text-left elementor-widget elementor-widget-text-editor\" data-id=\"2a5d658\" data-element_type=\"widget\" data-widget_type=\"text-editor.default\">\n\t\t\t\t<div class=\"elementor-widget-container\">\n\t\t\t<style>\/*! elementor - v3.21.0 - 26-05-2024 *\/\n.elementor-widget-text-editor.elementor-drop-cap-view-stacked .elementor-drop-cap{background-color:#69727d;color:#fff}.elementor-widget-text-editor.elementor-drop-cap-view-framed .elementor-drop-cap{color:#69727d;border:3px solid;background-color:transparent}.elementor-widget-text-editor:not(.elementor-drop-cap-view-default) .elementor-drop-cap{margin-top:8px}.elementor-widget-text-editor:not(.elementor-drop-cap-view-default) .elementor-drop-cap-letter{width:1em;height:1em}.elementor-widget-text-editor .elementor-drop-cap{float:left;text-align:center;line-height:1;font-size:50px}.elementor-widget-text-editor .elementor-drop-cap-letter{display:inline-block}<\/style>\t\t\t\tNuestra empresa se dedica a la distribuci\u00f3n de insumos m\u00e9dicos de alta calidad y tecnolog\u00eda avanzada para satisfacer las necesidades del sector de la salud. Con un enfoque en la excelencia y la innovaci\u00f3n, nos esforzamos por ofrecer productos que contribuyan al bienestar de los pacientes y mejoren la eficiencia de los profesionales m\u00e9dicos.\t\t\t\t\t\t<\/div>\n\t\t\t\t<\/div>\n\t\t\t\t<div class=\"elementor-element elementor-element-dcab3f1 wd-width-100 elementor-widget elementor-widget-wd_title\" data-id=\"dcab3f1\" data-element_type=\"widget\" data-widget_type=\"wd_title.default\">\n\t\t\t\t<div class=\"elementor-widget-container\">\n\t\t\t\t\t<div class=\"title-wrapper set-mb-s reset-last-child wd-title-color-default wd-title-style-default wd-title-size-medium text-left\">\n\n\t\t\t\n\t\t\t<div class=\"liner-continer\">\n\t\t\t\t<h4 class=\"woodmart-title-container title wd-fontsize-xl\">Nuestra Misi\u00f3n<\/h4> \n\t\t\t\t\t\t\t<\/div>\n\n\t\t\t\t\t<\/div>\n\t\t\t\t<\/div>\n\t\t\t\t<\/div>\n\t\t\t\t<div class=\"elementor-element elementor-element-d5e164b color-scheme-inherit text-left elementor-widget elementor-widget-text-editor\" data-id=\"d5e164b\" data-element_type=\"widget\" data-widget_type=\"text-editor.default\">\n\t\t\t\t<div class=\"elementor-widget-container\">\n\t\t\t\t\t\t\tProveer soluciones confiables e integrales para el cuidado de la salud en Guatemala. Nuestro compromiso es mejorar la calidad de vida de profesionales de la salud y pacientes, contribuyendo al fortalecimiento del sistema sanitario con productos y servicios de alta calidad.\n\t\t\t\t\t\t<\/div>\n\t\t\t\t<\/div>\n\t\t\t\t<div class=\"elementor-element elementor-element-0e1c8bc wd-width-100 elementor-widget elementor-widget-wd_title\" data-id=\"0e1c8bc\" data-element_type=\"widget\" data-widget_type=\"wd_title.default\">\n\t\t\t\t<div class=\"elementor-widget-container\">\n\t\t\t\t\t<div class=\"title-wrapper set-mb-s reset-last-child wd-title-color-default wd-title-style-default wd-title-size-medium text-left\">\n\n\t\t\t\n\t\t\t<div class=\"liner-continer\">\n\t\t\t\t<h4 class=\"woodmart-title-container title wd-fontsize-xl\">Nuestra Visi\u00f3n<\/h4> \n\t\t\t\t\t\t\t<\/div>\n\n\t\t\t\t\t<\/div>\n\t\t\t\t<\/div>\n\t\t\t\t<\/div>\n\t\t\t\t<div class=\"elementor-element elementor-element-65c16ad color-scheme-inherit text-left elementor-widget elementor-widget-text-editor\" data-id=\"65c16ad\" data-element_type=\"widget\" data-widget_type=\"text-editor.default\">\n\t\t\t\t<div class=\"elementor-widget-container\">\n\t\t\t\t\t\t\tSer la empresa l\u00edder en la venta de productos m\u00e9dicos en Guatemala, reconocida por su excelencia en servicio al cliente y calidad de productos. Buscamos ampliar nuestra cobertura a lo largo del territorio centroamericano, estableciendo alianzas estrat\u00e9gicas con proveedores y profesionales de la salud. Nuestra visi\u00f3n es ser un pilar fundamental en el avance de la atenci\u00f3n m\u00e9dica en el pa\u00eds, promoviendo la innovaci\u00f3n y el acceso equitativo a productos m\u00e9dicos de primer nivel.\t\t\t\t\t\t<\/div>\n\t\t\t\t<\/div>\n\t\t\t\t\t<\/div>\n\t\t\t\t<\/div>\n\t\t\t\t<\/div>","protected":false},"excerpt":{"rendered":"<p>Sobre Nosotros Nuestra empresa se dedica a la distribuci\u00f3n de insumos m\u00e9dicos de alta calidad y tecnolog\u00eda avanzada para satisfacer<\/p>","protected":false},"author":178,"featured_media":0,"parent":0,"menu_order":0,"comment_status":"closed","ping_status":"closed","template":"","meta":{"footnotes":""},"class_list":["post-27780","page","type-page","status-publish","hentry"],"_links":{"self":[{"href":"https:\/\/promedical.com.gt\/en\/wp-json\/wp\/v2\/pages\/27780","targetHints":{"allow":["GET"]}}],"collection":[{"href":"https:\/\/promedical.com.gt\/en\/wp-json\/wp\/v2\/pages"}],"about":[{"href":"https:\/\/promedical.com.gt\/en\/wp-json\/wp\/v2\/types\/page"}],"author":[{"embeddable":true,"href":"https:\/\/promedical.com.gt\/en\/wp-json\/wp\/v2\/users\/178"}],"replies":[{"embeddable":true,"href":"https:\/\/promedical.com.gt\/en\/wp-json\/wp\/v2\/comments?post=27780"}],"version-history":[{"count":8,"href":"https:\/\/promedical.com.gt\/en\/wp-json\/wp\/v2\/pages\/27780\/revisions"}],"predecessor-version":[{"id":28268,"href":"https:\/\/promedical.com.gt\/en\/wp-json\/wp\/v2\/pages\/27780\/revisions\/28268"}],"wp:attachment":[{"href":"https:\/\/promedical.com.gt\/en\/wp-json\/wp\/v2\/media?parent=27780"}],"curies":[{"name":"wp","href":"https:\/\/api.w.org\/{rel}","templated":true}]}}